{"id":6,"date":"2026-01-24T18:21:03","date_gmt":"2026-01-24T17:21:03","guid":{"rendered":"http:\/\/wordpress.localhost\/index.php\/home\/"},"modified":"2026-03-06T11:51:40","modified_gmt":"2026-03-06T10:51:40","slug":"home","status":"publish","type":"page","link":"https:\/\/indus4tech.fr\/","title":{"rendered":"Technologie et Optimisation : Transformez Votre Industrie"},"content":{"rendered":"\n<div class=\"alignnormal\"><div id=\"metaslider-id-103\" style=\"width: 100%;\" class=\"ml-slider-3-109-0 metaslider metaslider-flex metaslider-103 ml-slider has-dots-nav ml-slider-lightbox-2-23-0 lightbox-disabled ms-theme-nexus\" role=\"region\" aria-label=\"Diapo Acceuil\" data-height=\"300\" data-width=\"700\">\n    <div id=\"metaslider_container_103\">\n        <div id=\"metaslider_103\">\n            <ul aria-live='off' class='slides'>\n                <li style=\"display: block; width: 100%;\" class=\"slide-104 ms-image \" aria-roledescription=\"slide\" data-date=\"2026-02-01 15:05:00\" data-filename=\"Formation-700x300.jpg\" data-slide-type=\"image\"><img loading=\"lazy\" decoding=\"async\" src=\"https:\/\/indus4tech.fr\/wp-content\/uploads\/2026\/01\/Formation-700x300.jpg\" height=\"300\" width=\"700\" alt=\"\" class=\"slider-103 slide-104 msDefaultImage\" title=\"Formation\" \/><div class=\"caption-wrap\"><div class=\"caption\"><div> <div style=\"font-family:'Segoe UI';font-size:14px;font-style:normal;font-weight:400;line-height:20px;\"> <p><strong>\u00ab L\u2019EXPERTISE QUI FORME,<\/strong><br \/><strong>L\u2019EFFICACIT\u00c9 QUI TRANSFORME \u00bb<\/strong><\/p> <p>Des formations techniques fond\u00e9es sur une solide exp\u00e9rience terrain,<br \/>con\u00e7ues sur mesure pour r\u00e9pondre \u00e0 vos besoins concrets.<br \/>Claires, efficaces, et pens\u00e9es pour faire progresser tous les niveaux.<\/p> <\/div> <\/div><\/div><\/div><\/li>\n                <li style=\"display: none; width: 100%;\" class=\"slide-105 ms-image \" aria-roledescription=\"slide\" data-date=\"2026-02-01 15:27:44\" data-filename=\"AuditExpertise-700x300.jpg\" data-slide-type=\"image\"><img loading=\"lazy\" decoding=\"async\" src=\"https:\/\/indus4tech.fr\/wp-content\/uploads\/2026\/01\/AuditExpertise-700x300.jpg\" height=\"300\" width=\"700\" alt=\"\" class=\"slider-103 slide-105 msDefaultImage\" title=\"AuditExpertise\" \/><div class=\"caption-wrap\"><div class=\"caption\"><div> <div style=\"font-family:'Segoe UI';font-size:14px;font-style:normal;font-weight:400;line-height:20px;\"><strong>\u00ab COMPRENDRE VOS MACHINES,<\/strong><br \/><strong>ANTICIPER L\u2019AVENIR \u00bb<\/strong><\/div> <div style=\"font-family:'Segoe UI';font-size:14px;font-style:normal;font-weight:400;line-height:20px;\">\u00a0<\/div> <div style=\"font-family:'Segoe UI';font-size:14px;font-style:normal;font-weight:400;line-height:20px;\">Une expertise technique fond\u00e9e sur l\u2019exp\u00e9rience terrain<br \/>pour diagnostiquer, moderniser et s\u00e9curiser.<\/div> <div style=\"font-family:'Segoe UI';font-size:14px;font-style:normal;font-weight:400;line-height:20px;\"> <div style=\"font-family:'Segoe UI';font-size:14px;font-style:normal;font-weight:400;line-height:20px;\">Avec une approche orient\u00e9e anti\u2011obsolescence et valorisant l\u2019existant pour\u00a0prolonger durablement la performance de vos installations.<\/div> <\/div> <\/div><\/div><\/div><\/li>\n                <li style=\"display: none; width: 100%;\" class=\"slide-109 ms-image \" aria-roledescription=\"slide\" data-date=\"2026-02-01 16:10:35\" data-filename=\"SmartRetrofit-700x300.jpg\" data-slide-type=\"image\"><img loading=\"lazy\" decoding=\"async\" src=\"https:\/\/indus4tech.fr\/wp-content\/uploads\/2026\/01\/SmartRetrofit-700x300.jpg\" height=\"300\" width=\"700\" alt=\"\" class=\"slider-103 slide-109 msDefaultImage\" title=\"SmartRetrofit\" \/><div class=\"caption-wrap\"><div class=\"caption\"><div> <div style=\"font-family:'Segoe UI';font-size:14px;font-style:normal;font-weight:400;line-height:20px;\"><strong>\u00ab MODERNISER SANS TOUT REMPLACER \u00bb<\/strong><\/div> <div style=\"font-family:'Segoe UI';font-size:14px;font-style:normal;font-weight:400;line-height:20px;\">\u00a0<\/div> <div style=\"font-family:'Segoe UI';font-size:14px;font-style:normal;font-weight:400;line-height:20px;\"> <div style=\"font-family:'Segoe UI';font-size:14px;font-style:normal;font-weight:400;line-height:20px;\"> <div style=\"font-family:'Segoe UI';font-size:14px;font-style:normal;font-weight:400;line-height:20px;\">Mise \u00e0 niveau, migration des automatismes et optimisation robotique.<\/div> <\/div> <div style=\"font-family:'Segoe UI';font-size:14px;font-style:normal;font-weight:400;line-height:20px;\">Le r\u00e9trofit qui redonne vie \u00e0 vos machines, optimise vos process et valorise l\u2019existant.<\/div> <\/div> <\/div><\/div><\/div><\/li>\n                <li style=\"display: none; width: 100%;\" class=\"slide-110 ms-image \" aria-roledescription=\"slide\" data-date=\"2026-02-01 16:15:22\" data-filename=\"Innovautorobot-700x300.jpg\" data-slide-type=\"image\"><img loading=\"lazy\" decoding=\"async\" src=\"https:\/\/indus4tech.fr\/wp-content\/uploads\/2026\/01\/Innovautorobot-700x300.jpg\" height=\"300\" width=\"700\" alt=\"\" class=\"slider-103 slide-110 msDefaultImage\" title=\"Innovautorobot\" \/><div class=\"caption-wrap\"><div class=\"caption\"><div> <div style=\"font-family:'Segoe UI';font-size:14px;font-style:normal;font-weight:400;line-height:20px;\"><strong>\u00ab L\u2019INNOVATION QUI REND VOS MACHINES PLUS INTELLIGENTES \u00bb<\/strong><\/div> <div style=\"font-family:'Segoe UI';font-size:14px;font-style:normal;font-weight:400;line-height:20px;\"><br \/>Int\u00e9gration de technologies avanc\u00e9es pour am\u00e9liorer productivit\u00e9, fiabilit\u00e9 et pilotage.<\/div> <div style=\"font-family:'Segoe UI';font-size:14px;font-style:normal;font-weight:400;line-height:20px;\"> <div style=\"font-family:'Segoe UI';font-size:14px;font-style:normal;font-weight:400;line-height:20px;\">Des r\u00e9ponses techniques innovantes, agiles et \u00e9volutives,\u00a0adapt\u00e9es \u00e0 vos enjeux terrain et pens\u00e9es pour durer.<\/div> <\/div> <\/div><\/div><\/div><\/li>\n            <\/ul>\n        <\/div>\n        \n    <\/div>\n<\/div><\/div>\n\n\n\n<p class=\"has-text-align-center\"><strong><mark style=\"background-color:rgba(0, 0, 0, 0)\" class=\"has-inline-color has-ast-global-color-0-color\">Votre expert en Innovation Industrielle<\/mark><\/strong><\/p>\n\n\n\n<p class=\"has-text-align-center\">Chez <strong>Indus4tech<\/strong>, nous mettons <strong>notre exp\u00e9rience terrain<\/strong> et <strong>notre passion<\/strong> de l\u2019<strong>industrie<\/strong>.<\/p>\n\n\n\n<p class=\"has-text-align-center\">De l\u2019<strong>automatisation<\/strong>, de la <strong>robotisation <\/strong>et de l&rsquo;<strong>innovation technologique<\/strong> et de la <strong>transformation digitale<\/strong>, nous mettons tout en \u0153uvre au service de <strong>votre performance<\/strong>.<\/p>\n\n\n\n<p class=\"has-text-align-center\">Nous <strong>accompagnons<\/strong> les entreprises qui souhaitent <strong>moderniser <\/strong>leurs process, <strong>optimiser <\/strong>leurs production et <strong>franchir un nouveau cap technologique <\/strong>gr\u00e2ce \u00e0 des <strong>solutions concr\u00e8tes et innovantes<\/strong>.<\/p>\n\n\n\n<p class=\"has-text-align-center\">Nos <strong>prestations<\/strong> s\u2019adaptent \u00e0 <strong>vos besoins<\/strong> : diagnostic de performance, optimisation industrielle, d\u00e9ploiement de solutions num\u00e9riques, am\u00e9lioration continue\u2026 Nous avan\u00e7ons \u00e0 vos c\u00f4t\u00e9s avec une approche humaine, agile et orient\u00e9e r\u00e9sultats.<\/p>\n\n\n\n<p class=\"has-text-align-center\">Notre <strong>engagement <\/strong>: vous offrir un accompagnement <strong>fiable<\/strong>, <strong>transparent <\/strong>et <strong>efficace<\/strong>, port\u00e9 par une \u00e9quipe <strong>passionn\u00e9e <\/strong>et <strong>l\u00e9gitime <\/strong>gr\u00e2ce \u00e0 son exp\u00e9rience solide et sa connaissance approfondie des enjeux industriels modernes.<\/p>\n\n\n\n<p class=\"has-text-align-center\"><strong>Construisons ensemble une industrie plus intelligente, plus fluide et plus performante !<\/strong><\/p>\n\n\n\n<p><\/p>\n","protected":false},"excerpt":{"rendered":"<p>Votre expert en Innovation Industrielle Chez Indus4tech, nous mettons notre exp\u00e9rience terrain et notre passion de l\u2019industrie. De l\u2019automatisation, de [&hellip;]<\/p>\n","protected":false},"author":1,"featured_media":0,"parent":0,"menu_order":0,"comment_status":"closed","ping_status":"closed","template":"page-templates\/frontpage.php","meta":{"site-sidebar-layout":"default","site-content-layout":"","ast-site-content-layout":"default","site-content-style":"default","site-sidebar-style":"default","ast-global-header-display":"","ast-banner-title-visibility":"","ast-main-header-display":"","ast-hfb-above-header-display":"","ast-hfb-below-header-display":"","ast-hfb-mobile-header-display":"","site-post-title":"","ast-breadcrumbs-content":"","ast-featured-img":"","footer-sml-layout":"","ast-disable-related-posts":"","theme-transparent-header-meta":"","adv-header-id-meta":"","stick-header-meta":"","header-above-stick-meta":"","header-main-stick-meta":"","header-below-stick-meta":"","astra-migrate-meta-layouts":"default","ast-page-background-enabled":"default","ast-page-background-meta":{"desktop":{"background-color":"var(--ast-global-color-5)","background-image":"","background-repeat":"repeat","background-position":"center center","background-size":"auto","background-attachment":"scroll","background-type":"","background-media":"","overlay-type":"","overlay-color":"","overlay-opacity":"","overlay-gradient":""},"tablet":{"background-color":"","background-image":"","background-repeat":"repeat","background-position":"center center","background-size":"auto","background-attachment":"scroll","background-type":"","background-media":"","overlay-type":"","overlay-color":"","overlay-opacity":"","overlay-gradient":""},"mobile":{"background-color":"","background-image":"","background-repeat":"repeat","background-position":"center center","background-size":"auto","background-attachment":"scroll","background-type":"","background-media":"","overlay-type":"","overlay-color":"","overlay-opacity":"","overlay-gradient":""}},"ast-content-background-meta":{"desktop":{"background-color":"var(--ast-global-color-4)","background-image":"","background-repeat":"repeat","background-position":"center center","background-size":"auto","background-attachment":"scroll","background-type":"","background-media":"","overlay-type":"","overlay-color":"","overlay-opacity":"","overlay-gradient":""},"tablet":{"background-color":"var(--ast-global-color-4)","background-image":"","background-repeat":"repeat","background-position":"center center","background-size":"auto","background-attachment":"scroll","background-type":"","background-media":"","overlay-type":"","overlay-color":"","overlay-opacity":"","overlay-gradient":""},"mobile":{"background-color":"var(--ast-global-color-4)","background-image":"","background-repeat":"repeat","background-position":"center center","background-size":"auto","background-attachment":"scroll","background-type":"","background-media":"","overlay-type":"","overlay-color":"","overlay-opacity":"","overlay-gradient":""}},"footnotes":""},"class_list":["post-6","page","type-page","status-publish","hentry"],"jetpack_sharing_enabled":true,"_links":{"self":[{"href":"https:\/\/indus4tech.fr\/index.php\/wp-json\/wp\/v2\/pages\/6","targetHints":{"allow":["GET"]}}],"collection":[{"href":"https:\/\/indus4tech.fr\/index.php\/wp-json\/wp\/v2\/pages"}],"about":[{"href":"https:\/\/indus4tech.fr\/index.php\/wp-json\/wp\/v2\/types\/page"}],"author":[{"embeddable":true,"href":"https:\/\/indus4tech.fr\/index.php\/wp-json\/wp\/v2\/users\/1"}],"replies":[{"embeddable":true,"href":"https:\/\/indus4tech.fr\/index.php\/wp-json\/wp\/v2\/comments?post=6"}],"version-history":[{"count":7,"href":"https:\/\/indus4tech.fr\/index.php\/wp-json\/wp\/v2\/pages\/6\/revisions"}],"predecessor-version":[{"id":150,"href":"https:\/\/indus4tech.fr\/index.php\/wp-json\/wp\/v2\/pages\/6\/revisions\/150"}],"wp:attachment":[{"href":"https:\/\/indus4tech.fr\/index.php\/wp-json\/wp\/v2\/media?parent=6"}],"curies":[{"name":"wp","href":"https:\/\/api.w.org\/{rel}","templated":true}]}}