{"id":29,"date":"2026-01-25T15:39:40","date_gmt":"2026-01-25T14:39:40","guid":{"rendered":"https:\/\/wordpress.indus4tech.fr\/?page_id=29"},"modified":"2026-04-22T16:00:42","modified_gmt":"2026-04-22T14:00:42","slug":"societe","status":"publish","type":"page","link":"https:\/\/indus4tech.fr\/index.php\/societe\/","title":{"rendered":"Qui sommes nous ? Que faisons nous ? Et pourquoi ?"},"content":{"rendered":"\n<p>Chez <strong>Indus4tech<\/strong>, on parle concret : des experts qui ont v\u00e9cu l\u2019atelier, le chantier et la mise en production. Nous auditons, concevons et d\u00e9ployons des solutions <strong>industrie 4.0<\/strong> qui fiabilisent vos lignes, fluidifient vos flux et s\u00e9curisent vos r\u00e9sultats. Notre engagement : un accompagnement proche, r\u00e9actif, orient\u00e9 impact.<\/p>\n\n\n\n<h1 class=\"wp-block-heading\">Acc\u00e9l\u00e9rons votre industrie<\/h1>\n\n\n\n<p>Automatisme, robotique, ing\u00e9nierie industrielle, assistance technique et formation : notre exp\u00e9rience terrain transforme vos id\u00e9es en performances mesurables.<\/p>\n\n\n\n<div style=\"height:20px\" aria-hidden=\"true\" class=\"wp-block-spacer\"><\/div>\n\n\n\n<hr class=\"wp-block-separator has-alpha-channel-opacity\"\/>\n\n\n\n<div class=\"wp-block-group is-layout-constrained wp-block-group-is-layout-constrained\">\n<h3 class=\"wp-block-heading\"><strong><mark style=\"background-color:rgba(0, 0, 0, 0)\" class=\"has-inline-color has-ast-global-color-0-color\">Expertise en ing\u00e9nierie Industrielle<\/mark><\/strong><\/h3>\n\n\n\n<p><strong><mark style=\"background-color:rgba(0, 0, 0, 0)\" class=\"has-inline-color has-ast-global-color-0-color\">Optimiser, fiabiliser, standardiser<\/mark><\/strong><\/p>\n\n\n\n<ul class=\"wp-block-list\">\n<li>Diagnostic de performance, plan de progression, AMDEC des process, ADR et SISTEMA de s\u00e9curit\u00e9, Certification CE Machine<\/li>\n\n\n\n<li>Conception de postes et lignes, flux logistiques, ergonomie &amp; qualit\u00e9, int\u00e9gration des s\u00e9curit\u00e9s<\/li>\n\n\n\n<li>Pilotage projet, essais, validation et passage en s\u00e9rie.<\/li>\n<\/ul>\n\n\n\n<p>Nous ma\u00eetrisons un large \u00e9ventail de technologies d\u2019automatisme pour piloter, contr\u00f4ler et optimiser les \u00e9quipements industriels. Cela inclut la programmation et l\u2019int\u00e9gration d\u2019automates (API\/PLC), la configuration d\u2019IHM et de syst\u00e8mes de supervision, ainsi que la gestion de r\u00e9seaux industriels et de capteurs intelligents.<\/p>\n<\/div>\n\n\n\n<hr class=\"wp-block-separator has-alpha-channel-opacity\"\/>\n\n\n\n<div class=\"wp-block-group is-layout-constrained wp-block-group-is-layout-constrained\">\n<h3 class=\"wp-block-heading\"><strong>Expertise en automatisme et robotique industrielle<\/strong><\/h3>\n\n\n\n<h5 class=\"wp-block-heading\"><strong><mark style=\"background-color:rgba(0, 0, 0, 0)\" class=\"has-inline-color has-ast-global-color-0-color\">Concevoir, programmer, int\u00e9grer et transmettre<\/mark><\/strong><\/h5>\n\n\n\n<ul class=\"wp-block-list\">\n<li>\u00c9tudes, programmation, mise au point et int\u00e9gration robots\/cobots &amp; API.<\/li>\n\n\n\n<li>R\u00e9trofit et modernisation d\u2019installations, s\u00e9curisation et mont\u00e9e en cadence.<\/li>\n\n\n\n<li>Formation int\u00e9grateur\/op\u00e9rateurs\/maintenance et transfert de comp\u00e9tences.<\/li>\n<\/ul>\n\n\n\n<p>Nous intervenons sur des architectures vari\u00e9es pour automatiser des machines, fiabiliser des lignes de production, optimiser des s\u00e9quences de fonctionnement ou moderniser des installations existantes. Notre exp\u00e9rience terrain nous permet d\u2019assurer des solutions robustes, performantes et parfaitement adapt\u00e9es aux contraintes op\u00e9rationnelles.<\/p>\n\n\n\n<p>Nous ma\u00eetrisons pleinement les environnements d\u2019automatisation <strong>Siemens, Schneider, Rockwell, Omron, &#8230; <\/strong>et particuli\u00e8rement les environnements <strong>Open PLC<\/strong> et bas\u00e9s sur <strong>Codesys<\/strong>, plateforme reconnue pour sa <strong>flexibilit\u00e9<\/strong>, sa <strong>compatibilit\u00e9 multi\u2011constructeurs<\/strong> et son respect des normes IEC 61131\u20113. Gr\u00e2ce \u00e0 cette technologie, nous d\u00e9veloppons des applications modulaires, \u00e9volutives et facilement int\u00e9grables dans des architectures vari\u00e9es : API programmables, contr\u00f4leurs embarqu\u00e9s, syst\u00e8mes distribu\u00e9s ou solutions de motion control.<\/p>\n\n\n\n<p>Notre expertise couvre :<\/p>\n\n\n\n<ul class=\"wp-block-list\">\n<li><strong>Programmation avanc\u00e9e<\/strong> en ST, FBD, SFC et Ladder selon les besoins du process.<\/li>\n\n\n\n<li><strong>D\u00e9veloppement d\u2019architectures scalables<\/strong>, permettant de faire \u00e9voluer les machines sans refonte majeure.<\/li>\n\n\n\n<li><strong>Gestion de biblioth\u00e8ques personnalis\u00e9es<\/strong>, facilitant la standardisation et la maintenance.<\/li>\n\n\n\n<li><strong>Int\u00e9gration multi\u2011marques<\/strong> : solutions bas\u00e9es sur Codesys pour Beckhoff, Wago, Schneider, Bosch Rexroth, Festo, Eaton, etc.<\/li>\n\n\n\n<li><strong>Communication industrielle<\/strong> : ma\u00eetrise des bus terrain et protocoles tels que EtherCAT, CANopen, Profinet, Modbus TCP\u2026<\/li>\n\n\n\n<li><strong>Motion &amp; robotique<\/strong> : synchronisation d\u2019axes, interpolation, gestion de cin\u00e9matiques complexes et int\u00e9gration de modules robotis\u00e9s.<\/li>\n\n\n\n<li><strong>Diagnostics avanc\u00e9s<\/strong> : outils int\u00e9gr\u00e9s Codesys pour le debug, la supervision et l\u2019optimisation des performances.<\/li>\n<\/ul>\n\n\n\n<p>Gr\u00e2ce \u00e0 Codesys, nous pouvons proposer des syst\u00e8mes <strong>plus ouverts<\/strong>, <strong>plus rapides \u00e0 faire \u00e9voluer<\/strong>, et <strong>parfaitement adapt\u00e9s<\/strong> aux environnements industriels h\u00e9t\u00e9rog\u00e8nes. Cette flexibilit\u00e9 nous permet d\u2019intervenir avec efficacit\u00e9 autant sur des machines neuves que sur des installations \u00e0 moderniser.<\/p>\n<\/div>\n\n\n\n<hr class=\"wp-block-separator has-alpha-channel-opacity\"\/>\n\n\n\n<div class=\"wp-block-group is-layout-constrained wp-block-group-is-layout-constrained\">\n<h3 class=\"wp-block-heading\">Expertise en assistance technique<\/h3>\n\n\n\n<p><strong><mark style=\"background-color:rgba(0, 0, 0, 0)\" class=\"has-inline-color has-ast-global-color-0-color\">Renforcer vos \u00e9quipes, quand il faut, l\u00e0 o\u00f9 il faut<\/mark><\/strong><\/p>\n\n\n\n<ul class=\"wp-block-list\">\n<li>Support m\u00e9thode\/maintenance, documentation et standardisation.<\/li>\n\n\n\n<li>Renfort d\u2019experts en automatisme\/robotique &amp; ing\u00e9nierie (sur site ou \u00e0 distance).<\/li>\n\n\n\n<li>D\u00e9pannage, analyse de pannes, s\u00e9curisation de d\u00e9marrages et pics d\u2019activit\u00e9.<\/li>\n<\/ul>\n<\/div>\n\n\n\n<div style=\"height:20px\" aria-hidden=\"true\" class=\"wp-block-spacer\"><\/div>\n\n\n\n<hr class=\"wp-block-separator has-alpha-channel-opacity\"\/>\n\n\n\n<div class=\"wp-block-group is-layout-constrained wp-block-group-is-layout-constrained\">\n<h2 class=\"wp-block-heading\"><strong>Nos points forts<\/strong><\/h2>\n\n\n\n<ul class=\"wp-block-list\">\n<li><strong>Comp\u00e9tences avanc\u00e9es<\/strong> : Expertise \u00e9prouv\u00e9e en automatisme, robotique industrielle et ing\u00e9nierie, avec une ma\u00eetrise compl\u00e8te de l&rsquo;int\u00e9gration de processus industriels complexes.<\/li>\n\n\n\n<li><strong>Solutions sur mesure<\/strong> : Conception pens\u00e9es avec vous, adapt\u00e9es \u00e0 vos besoins op\u00e9rationnels et construites pour garantir la performance, la fiabilit\u00e9 et l&rsquo;\u00e9volutivit\u00e9.<\/li>\n\n\n\n<li><strong>Innovation continue<\/strong> : Veille technique active et une capacit\u00e9 d&rsquo;int\u00e9gration rapide des technologies \u00e9mergentes afin de garder votre productivit\u00e9 toujours en avance.<\/li>\n\n\n\n<li><strong>R\u00e9seaux professionnels<\/strong> : Partenariats techniques et industriels de confiance, mobilis\u00e9s pour renforcer la r\u00e9activit\u00e9, l\u2019efficacit\u00e9 et la qualit\u00e9 d&rsquo;ex\u00e9cution.<\/li>\n\n\n\n<li><strong>Engagement qualit\u00e9<\/strong> : Fiabilit\u00e9, s\u00e9curit\u00e9 et satisfaction client au c\u0153ur de nos priorit\u00e9s. Chaque projet est men\u00e9 avec rigueur, transparence et exigence.<\/li>\n<\/ul>\n<\/div>\n\n\n\n<hr class=\"wp-block-separator has-alpha-channel-opacity\"\/>\n\n\n\n<div class=\"wp-block-group is-layout-constrained wp-block-group-is-layout-constrained\">\n<h3 class=\"wp-block-heading\"><strong>Pourquoi nous choisir ?<\/strong><\/h3>\n\n\n\n<ul class=\"wp-block-list\">\n<li><strong>Compl\u00e9mentarit\u00e9 des savoir-faire<\/strong> : Une \u00e9quipe qui combine strat\u00e9gie, ing\u00e9nierie et expertise terrain et exp\u00e9rience de mise en \u0153uvre op\u00e9rationnelle.<\/li>\n\n\n\n<li><strong>Force d\u2019innovation<\/strong> : Des solutions pens\u00e9es pour relever les d\u00e9fis industriels actuels : agiles, performantes et pr\u00eates \u00e0 \u00e9voluer avec vos ambitions.<\/li>\n\n\n\n<li><strong>Valeurs fortes<\/strong> : Rigueur, transparence et engagement durable : trois piliers qui guident chacune de nos interventions et garantissent une collaboration sereine, p\u00e9renne et efficace.<\/li>\n<\/ul>\n<\/div>\n\n\n\n<hr class=\"wp-block-separator has-alpha-channel-opacity\"\/>\n\n\n\n<p>\ud83d\udc49 <strong>Contactez-nous d\u00e8s aujourd\u2019hui pour transformer vos id\u00e9es en solutions concr\u00e8tes et performantes !<\/strong><\/p>\n\n\n\n<p><\/p>\n","protected":false},"excerpt":{"rendered":"<p>Chez Indus4tech, on parle concret : des experts qui ont v\u00e9cu l\u2019atelier, le chantier et la mise en production. Nous [&hellip;]<\/p>\n","protected":false},"author":1,"featured_media":0,"parent":0,"menu_order":0,"comment_status":"closed","ping_status":"closed","template":"","meta":{"site-sidebar-layout":"default","site-content-layout":"","ast-site-content-layout":"default","site-content-style":"default","site-sidebar-style":"default","ast-global-header-display":"","ast-banner-title-visibility":"","ast-main-header-display":"","ast-hfb-above-header-display":"","ast-hfb-below-header-display":"","ast-hfb-mobile-header-display":"","site-post-title":"","ast-breadcrumbs-content":"","ast-featured-img":"","footer-sml-layout":"","ast-disable-related-posts":"","theme-transparent-header-meta":"","adv-header-id-meta":"","stick-header-meta":"","header-above-stick-meta":"","header-main-stick-meta":"","header-below-stick-meta":"","astra-migrate-meta-layouts":"default","ast-page-background-enabled":"default","ast-page-background-meta":{"desktop":{"background-color":"var(--ast-global-color-5)","background-image":"","background-repeat":"repeat","background-position":"center center","background-size":"auto","background-attachment":"scroll","background-type":"","background-media":"","overlay-type":"","overlay-color":"","overlay-opacity":"","overlay-gradient":""},"tablet":{"background-color":"","background-image":"","background-repeat":"repeat","background-position":"center center","background-size":"auto","background-attachment":"scroll","background-type":"","background-media":"","overlay-type":"","overlay-color":"","overlay-opacity":"","overlay-gradient":""},"mobile":{"background-color":"","background-image":"","background-repeat":"repeat","background-position":"center center","background-size":"auto","background-attachment":"scroll","background-type":"","background-media":"","overlay-type":"","overlay-color":"","overlay-opacity":"","overlay-gradient":""}},"ast-content-background-meta":{"desktop":{"background-color":"var(--ast-global-color-4)","background-image":"","background-repeat":"repeat","background-position":"center center","background-size":"auto","background-attachment":"scroll","background-type":"","background-media":"","overlay-type":"","overlay-color":"","overlay-opacity":"","overlay-gradient":""},"tablet":{"background-color":"var(--ast-global-color-4)","background-image":"","background-repeat":"repeat","background-position":"center center","background-size":"auto","background-attachment":"scroll","background-type":"","background-media":"","overlay-type":"","overlay-color":"","overlay-opacity":"","overlay-gradient":""},"mobile":{"background-color":"var(--ast-global-color-4)","background-image":"","background-repeat":"repeat","background-position":"center center","background-size":"auto","background-attachment":"scroll","background-type":"","background-media":"","overlay-type":"","overlay-color":"","overlay-opacity":"","overlay-gradient":""}},"footnotes":""},"class_list":["post-29","page","type-page","status-publish","hentry"],"jetpack_sharing_enabled":true,"_links":{"self":[{"href":"https:\/\/indus4tech.fr\/index.php\/wp-json\/wp\/v2\/pages\/29","targetHints":{"allow":["GET"]}}],"collection":[{"href":"https:\/\/indus4tech.fr\/index.php\/wp-json\/wp\/v2\/pages"}],"about":[{"href":"https:\/\/indus4tech.fr\/index.php\/wp-json\/wp\/v2\/types\/page"}],"author":[{"embeddable":true,"href":"https:\/\/indus4tech.fr\/index.php\/wp-json\/wp\/v2\/users\/1"}],"replies":[{"embeddable":true,"href":"https:\/\/indus4tech.fr\/index.php\/wp-json\/wp\/v2\/comments?post=29"}],"version-history":[{"count":9,"href":"https:\/\/indus4tech.fr\/index.php\/wp-json\/wp\/v2\/pages\/29\/revisions"}],"predecessor-version":[{"id":172,"href":"https:\/\/indus4tech.fr\/index.php\/wp-json\/wp\/v2\/pages\/29\/revisions\/172"}],"wp:attachment":[{"href":"https:\/\/indus4tech.fr\/index.php\/wp-json\/wp\/v2\/media?parent=29"}],"curies":[{"name":"wp","href":"https:\/\/api.w.org\/{rel}","templated":true}]}}